{"id":92,"date":"2025-05-09T00:31:12","date_gmt":"2025-05-08T22:31:12","guid":{"rendered":"https:\/\/villakamilla.hu\/?page_id=92"},"modified":"2025-05-22T14:54:14","modified_gmt":"2025-05-22T12:54:14","slug":"latnivalok","status":"publish","type":"page","link":"https:\/\/villakamilla.hu\/de\/latnivalok\/","title":{"rendered":"Sehensw\u00fcrdigkeiten"},"content":{"rendered":"<p>[et_pb_section fb_built=&#8221;1&#8243; _builder_version=&#8221;4.27.4&#8243; _module_preset=&#8221;default&#8221; background_image=&#8221;http:\/\/villakamilla.hu\/wp-content\/uploads\/2025\/05\/Bejarati-szint-ellenor-szerkesztett-scaled.webp&#8221; min_height=&#8221;300px&#8221; global_colors_info=&#8221;{}&#8221;][et_pb_row _builder_version=&#8221;4.27.4&#8243; _module_preset=&#8221;default&#8221; global_colors_info=&#8221;{}&#8221;][et_pb_column type=&#8221;4_4&#8243; _builder_version=&#8221;4.27.4&#8243; _module_preset=&#8221;default&#8221; global_colors_info=&#8221;{}&#8221;][et_pb_post_title meta=&#8221;off&#8221; featured_image=&#8221;off&#8221; _builder_version=&#8221;4.27.4&#8243; _module_preset=&#8221;default&#8221; title_font=&#8221;|600|||||||&#8221; title_text_align=&#8221;center&#8221; title_text_color=&#8221;#FFFFFF&#8221; title_font_size=&#8221;35px&#8221; custom_margin=&#8221;50px||||false|false&#8221; global_colors_info=&#8221;{}&#8221;][\/et_pb_post_title][\/et_pb_column][\/et_pb_row][\/et_pb_section][et_pb_section fb_built=&#8221;1&#8243; _builder_version=&#8221;4.27.4&#8243; _module_preset=&#8221;default&#8221; global_colors_info=&#8221;{}&#8221;][et_pb_row column_structure=&#8221;3_4,1_4&#8243; _builder_version=&#8221;4.27.4&#8243; _module_preset=&#8221;default&#8221; background_color=&#8221;#f2f2f2&#8243; width=&#8221;90%&#8221; border_radii=&#8221;on|10px|10px|10px|10px&#8221; global_colors_info=&#8221;{}&#8221;][et_pb_column type=&#8221;3_4&#8243; _builder_version=&#8221;4.27.4&#8243; _module_preset=&#8221;default&#8221; global_colors_info=&#8221;{}&#8221;][et_pb_heading title=&#8221;Fedezze fel a Balaton sz\u00e9ps\u00e9g\u00e9t minden \u00e9vszakban \u2013 a Villa Kamilla programaj\u00e1nl\u00f3ja&#8221; _builder_version=&#8221;4.27.4&#8243; _module_preset=&#8221;default&#8221; title_text_align=&#8221;center&#8221; global_colors_info=&#8221;{}&#8221;][\/et_pb_heading][et_pb_text _builder_version=&#8221;4.27.4&#8243; _module_preset=&#8221;default&#8221; text_font_size=&#8221;16px&#8221; text_orientation=&#8221;center&#8221; custom_margin=&#8221;|5px||10px|false|false&#8221; hover_enabled=&#8221;0&#8243; global_colors_info=&#8221;{}&#8221; sticky_enabled=&#8221;0&#8243;]<\/p>\n<p>\n  Im Herzen der Villa Kamilla in Balatongy\u00f6r\u00f6k bietet nicht nur der Sommer unvergessliche Erlebnisse.<br \/>\n  Der Balaton zeigt in jeder Jahreszeit seine besondere Seite: Im Fr\u00fchling bl\u00fcht die Landschaft auf,<br \/>\n  im Sommer locken Badefreuden und Wassersport, im Herbst laden die bunten H\u00fcgel zum Wandern ein,<br \/>\n  und im Winter bietet das gefrorene Ufer ruhige Erholung.\n<\/p>\n<p>\n  F\u00fcr Aktivurlauber h\u00e4lt die Umgebung hervorragende Radwege bereit \u2013 ob mit der Familie oder in sportlichem Tempo:<br \/>\n  der Balaton-Radweg und die umliegenden Wanderpfade<br \/>\n  sind die perfekte Wahl f\u00fcr alle Altersgruppen.\n<\/p>\n<p>\n  Atmen Sie die frische Luft des Balaton ein, schwingen Sie sich aufs Rad<br \/>\n  und erleben Sie die Ruhe der Natur und der Region das ganze Jahr \u00fcber!\n<\/p>\n<p>[\/et_pb_text][\/et_pb_column][et_pb_column type=&#8221;1_4&#8243; _builder_version=&#8221;4.27.4&#8243; _module_preset=&#8221;default&#8221; background_color=&#8221;#0C71C3&#8243; border_radii=&#8221;on|15px|15px|15px|15px&#8221; global_colors_info=&#8221;{}&#8221;][et_pb_text _builder_version=&#8221;4.27.4&#8243; _module_preset=&#8221;default&#8221; header_3_text_align=&#8221;center&#8221; header_3_text_color=&#8221;#FFFFFF&#8221; header_3_letter_spacing=&#8221;1px&#8221; custom_margin=&#8221;10px||||false|false&#8221; global_colors_info=&#8221;{}&#8221;]<\/p>\n<h3 class=\"elementor-heading-title elementor-size-default\">Online-Reservierung<\/h3>\n<p>[\/et_pb_text][et_pb_text _builder_version=&#8221;4.27.4&#8243; _module_preset=&#8221;default&#8221; text_text_color=&#8221;#FFFFFF&#8221; text_orientation=&#8221;center&#8221; global_colors_info=&#8221;{}&#8221;]<\/p>\n<p>Sichern Sie sich jetzt Ihre Auszeit! W\u00e4hlen Sie Ihren Wunschtermin und tanken Sie neue Energie bei uns.<\/p>\n<p>[\/et_pb_text][et_pb_button button_url=&#8221;\/Foglalas&#8221; button_text=&#8221;Foglal\u00e1s&#8221; button_alignment=&#8221;center&#8221; _builder_version=&#8221;4.27.4&#8243; _module_preset=&#8221;default&#8221; custom_button=&#8221;on&#8221; button_text_color=&#8221;#FFFFFF&#8221; button_bg_color=&#8221;#E09900&#8243; button_font=&#8221;|600|||||||&#8221; custom_margin=&#8221;||10px||false|false&#8221; global_colors_info=&#8221;{}&#8221;][\/et_pb_button][\/et_pb_column][\/et_pb_row][\/et_pb_section][et_pb_section fb_built=&#8221;1&#8243; _builder_version=&#8221;4.27.4&#8243; _module_preset=&#8221;default&#8221; global_colors_info=&#8221;{}&#8221;][et_pb_row _builder_version=&#8221;4.27.4&#8243; _module_preset=&#8221;default&#8221; global_colors_info=&#8221;{}&#8221;][et_pb_column type=&#8221;4_4&#8243; _builder_version=&#8221;4.27.4&#8243; _module_preset=&#8221;default&#8221; global_colors_info=&#8221;{}&#8221;][et_pb_code _builder_version=&#8221;4.27.4&#8243; _module_preset=&#8221;default&#8221; global_colors_info=&#8221;{}&#8221;]<!-- [et_pb_line_break_holder] --><\/p>\n<style><!-- [et_pb_line_break_holder] -->.vk-programajanlo {<!-- [et_pb_line_break_holder] -->  background-color: #f9f9f9;<!-- [et_pb_line_break_holder] -->  border-radius: 12px;<!-- [et_pb_line_break_holder] -->  padding: 40px;<!-- [et_pb_line_break_holder] -->  font-family: 'Segoe UI', sans-serif;<!-- [et_pb_line_break_holder] -->  max-width: 1100px;<!-- [et_pb_line_break_holder] -->  margin: 0 auto;<!-- [et_pb_line_break_holder] -->}<!-- [et_pb_line_break_holder] --><!-- [et_pb_line_break_holder] -->.vk-programajanlo h2 {<!-- [et_pb_line_break_holder] -->  text-align: center;<!-- [et_pb_line_break_holder] -->  color: #2c3e50;<!-- [et_pb_line_break_holder] -->  font-size: 28px;<!-- [et_pb_line_break_holder] -->  margin-bottom: 30px;<!-- [et_pb_line_break_holder] -->}<!-- [et_pb_line_break_holder] --><!-- [et_pb_line_break_holder] -->.vk-programajanlo ul {<!-- [et_pb_line_break_holder] -->  list-style: none;<!-- [et_pb_line_break_holder] -->  padding: 0;<!-- [et_pb_line_break_holder] -->  display: grid;<!-- [et_pb_line_break_holder] -->  grid-template-columns: repeat(auto-fit, minmax(250px, 1fr));<!-- [et_pb_line_break_holder] -->  gap: 20px;<!-- [et_pb_line_break_holder] -->}<!-- [et_pb_line_break_holder] --><!-- [et_pb_line_break_holder] -->.vk-programajanlo li {<!-- [et_pb_line_break_holder] -->  background: white;<!-- [et_pb_line_break_holder] -->  padding: 20px;<!-- [et_pb_line_break_holder] -->  border-radius: 10px;<!-- [et_pb_line_break_holder] -->  box-shadow: 0 0 10px rgba(0,0,0,0.05);<!-- [et_pb_line_break_holder] -->  text-align: center;<!-- [et_pb_line_break_holder] -->  transition: 0.3s ease;<!-- [et_pb_line_break_holder] -->}<!-- [et_pb_line_break_holder] --><!-- [et_pb_line_break_holder] -->.vk-programajanlo li:hover {<!-- [et_pb_line_break_holder] -->  box-shadow: 0 0 15px rgba(0,0,0,0.1);<!-- [et_pb_line_break_holder] -->  transform: translateY(-3px);<!-- [et_pb_line_break_holder] -->}<!-- [et_pb_line_break_holder] --><!-- [et_pb_line_break_holder] -->.vk-programajanlo a {<!-- [et_pb_line_break_holder] -->  text-decoration: none;<!-- [et_pb_line_break_holder] -->  color: #2980b9;<!-- [et_pb_line_break_holder] -->  font-weight: 600;<!-- [et_pb_line_break_holder] -->  display: block;<!-- [et_pb_line_break_holder] -->}<!-- [et_pb_line_break_holder] --><!-- [et_pb_line_break_holder] -->.vk-programajanlo a img {<!-- [et_pb_line_break_holder] -->  width: 100%;<!-- [et_pb_line_break_holder] -->  height: 140px;<!-- [et_pb_line_break_holder] -->  object-fit: cover;<!-- [et_pb_line_break_holder] -->  border-radius: 8px;<!-- [et_pb_line_break_holder] -->  margin-bottom: 10px;<!-- [et_pb_line_break_holder] -->}<!-- [et_pb_line_break_holder] --><\/style>\n<p><!-- [et_pb_line_break_holder] --><!-- [et_pb_line_break_holder] --><\/p>\n<div class=\"vk-programajanlo\"><!-- [et_pb_line_break_holder] -->  <\/p>\n<h2>Entdecken Sie die Sch\u00f6nheit des Balaton zu jeder Jahreszeit<\/h2>\n<p><!-- [et_pb_line_break_holder] -->  <\/p>\n<ul><!-- [et_pb_line_break_holder] -->    <\/p>\n<li><!-- [et_pb_line_break_holder] -->      <a href=\"https:\/\/balatongyorok.hu\/latnivalok\/strandolas\/\" target=\"_blank\"><!-- [et_pb_line_break_holder] -->        <img decoding=\"async\" src=\"https:\/\/villakamilla.hu\/wp-content\/uploads\/2025\/05\/balatongyorok_strandolas_21.jpg\" alt=\"Balatonf\u00fcred\"><!-- [et_pb_line_break_holder] -->        Balatongy\u00f6r\u00f6k \u2013 Strand<!-- [et_pb_line_break_holder] -->      <\/a><!-- [et_pb_line_break_holder] -->    <\/li>\n<p><!-- [et_pb_line_break_holder] -->    <\/p>\n<li><!-- [et_pb_line_break_holder] -->      <a href=\"https:\/\/www.szigligeti-var.hu\/\" target=\"_blank\"><!-- [et_pb_line_break_holder] -->        <img decoding=\"async\" src=\"http:\/\/villakamilla.hu\/wp-content\/uploads\/2025\/05\/szigligetivar.jpg\" alt=\"Szigligeti v\u00e1r\"><!-- [et_pb_line_break_holder] -->        Burg Szigliget<!-- [et_pb_line_break_holder] -->      <\/a><!-- [et_pb_line_break_holder] -->    <\/li>\n<p><!-- [et_pb_line_break_holder] -->    <\/p>\n<li><!-- [et_pb_line_break_holder] -->      <a href=\"https:\/\/www.badacsony.hu\/\" target=\"_blank\"><!-- [et_pb_line_break_holder] -->        <img decoding=\"async\" src=\"http:\/\/villakamilla.hu\/wp-content\/uploads\/2025\/05\/badacsony.jpg\" alt=\"Badacsony\"><!-- [et_pb_line_break_holder] -->        Badacsony \u2013 Weinrouten und Aussichtspunkte<!-- [et_pb_line_break_holder] -->      <\/a><!-- [et_pb_line_break_holder] -->    <\/li>\n<p><!-- [et_pb_line_break_holder] -->    <\/p>\n<li><!-- [et_pb_line_break_holder] -->      <a href=\"https:\/\/keszthely.hu\/\" target=\"_blank\"><!-- [et_pb_line_break_holder] -->        <img decoding=\"async\" src=\"http:\/\/villakamilla.hu\/wp-content\/uploads\/2025\/05\/festetics-kastely-parkja-keszthely-virag-kavalkad.webp\" alt=\"Keszthely\"><!-- [et_pb_line_break_holder] -->        Keszthely \u2013 Schloss Festetics<!-- [et_pb_line_break_holder] -->      <\/a><!-- [et_pb_line_break_holder] -->    <\/li>\n<p><!-- [et_pb_line_break_holder] -->    <\/p>\n<li><!-- [et_pb_line_break_holder] -->      <a href=\"https:\/\/balatonbike365.hu\/\" target=\"_blank\"><!-- [et_pb_line_break_holder] -->        <img decoding=\"async\" src=\"http:\/\/villakamilla.hu\/wp-content\/uploads\/2025\/05\/balatonbike.jpg\" alt=\"BalatonBike365\"><!-- [et_pb_line_break_holder] -->        BalatonBike365 \u2013 Radwegenetz rund um den Balaton<!-- [et_pb_line_break_holder] -->      <\/a><!-- [et_pb_line_break_holder] -->    <\/li>\n<p><!-- [et_pb_line_break_holder] -->    <\/p>\n<li><!-- [et_pb_line_break_holder] -->      <a href=\"https:\/\/balatongyorok.hu\/latnivalok\/szepkilato\/\" target=\"_blank\"><!-- [et_pb_line_break_holder] -->        <img decoding=\"async\" src=\"http:\/\/villakamilla.hu\/wp-content\/uploads\/2025\/05\/szepkilato4.jpg\" alt=\"Sz\u00e9pkil\u00e1t\u00f3\"><!-- [et_pb_line_break_holder] -->        Balatongy\u00f6r\u00f6k \u2013 Aussichtspunkt \u201eSz\u00e9pkil\u00e1t\u00f3\u201d<!-- [et_pb_line_break_holder] -->      <\/a><!-- [et_pb_line_break_holder] -->    <\/li>\n<p><!-- [et_pb_line_break_holder] -->    <\/p>\n<li><!-- [et_pb_line_break_holder] -->      <a href=\"https:\/\/www.bfnp.hu\/\" target=\"_blank\"><!-- [et_pb_line_break_holder] -->        <img decoding=\"async\" src=\"http:\/\/villakamilla.hu\/wp-content\/uploads\/2025\/05\/balatonfelvidek.jpg\" alt=\"Nemzeti Park\"><!-- [et_pb_line_break_holder] -->        Nationalpark Balaton-Oberland \u2013 Wanderungen und Lehrpfade<!-- [et_pb_line_break_holder] -->      <\/a><!-- [et_pb_line_break_holder] -->    <\/li>\n<p><!-- [et_pb_line_break_holder] -->    <\/p>\n<li><!-- [et_pb_line_break_holder] -->      <a href=\"https:\/\/www.heviz.hu\/hu\" target=\"_blank\"><!-- [et_pb_line_break_holder] -->        <img decoding=\"async\" src=\"http:\/\/villakamilla.hu\/wp-content\/uploads\/2025\/05\/heviz.jpg\" alt=\"H\u00e9v\u00edz\"><!-- [et_pb_line_break_holder] -->        H\u00e9v\u00edz &#8211; Vil\u00e1gon egyed\u00fcl\u00e1ll\u00f3 t\u00f3<!-- [et_pb_line_break_holder] -->      <\/a><!-- [et_pb_line_break_holder] -->    <\/li>\n<p><!-- [et_pb_line_break_holder] -->    <\/p>\n<li><!-- [et_pb_line_break_holder] -->      <a href=\"https:\/\/www.tihany.hu\/\" target=\"_blank\"><!-- [et_pb_line_break_holder] -->        <img decoding=\"async\" src=\"http:\/\/villakamilla.hu\/wp-content\/uploads\/2025\/05\/tihany_bences_apatsag.webp\" alt=\"Tihany\"><!-- [et_pb_line_break_holder] -->        Tihany \u2013 Abtei und Lavendelfelder<!-- [et_pb_line_break_holder] -->      <\/a><!-- [et_pb_line_break_holder] -->    <\/li>\n<p><!-- [et_pb_line_break_holder] -->  <\/ul>\n<p><!-- [et_pb_line_break_holder] --><\/div>\n<p><!-- [et_pb_line_break_holder] --><!-- [et_pb_line_break_holder] --><!-- [et_pb_line_break_holder] -->[\/et_pb_code][\/et_pb_column][\/et_pb_row][et_pb_row _builder_version=&#8221;4.27.4&#8243; _module_preset=&#8221;default&#8221; global_colors_info=&#8221;{}&#8221;][et_pb_column type=&#8221;4_4&#8243; _builder_version=&#8221;4.27.4&#8243; _module_preset=&#8221;default&#8221; global_colors_info=&#8221;{}&#8221;][et_pb_image src=&#8221;https:\/\/villakamilla.hu\/wp-content\/uploads\/2025\/05\/image-2.png&#8221; title_text=&#8221;image (2)&#8221; align=&#8221;center&#8221; _builder_version=&#8221;4.27.4&#8243; _module_preset=&#8221;default&#8221; global_colors_info=&#8221;{}&#8221;][\/et_pb_image][\/et_pb_column][\/et_pb_row][\/et_pb_section]<\/p>","protected":false},"excerpt":{"rendered":"<p>A Villa Kamilla sz\u00edv\u00e9ben, Balatongy\u00f6r\u00f6k\u00f6n nem csup\u00e1n a ny\u00e1r ny\u00fajt felejthetetlen \u00e9lm\u00e9nyeket. A Balaton minden \u00e9vszakban k\u00fcl\u00f6nleges arc\u00e1t mutatja: tavasszal vir\u00e1gba borul a t\u00e1j, ny\u00e1ron f\u00fcrd\u0151z\u00e9s \u00e9s v\u00edzi sportok cs\u00e1b\u00edtanak, \u0151sszel a sz\u00ednes domboldalakon barangolhatsz, t\u00e9len pedig csendes kikapcsol\u00f3d\u00e1st k\u00edn\u00e1l a fagyott t\u00f3part. Az akt\u00edv pihen\u00e9s kedvel\u0151inek a k\u00f6rny\u00e9k remek ker\u00e9kp\u00e1rutakkal kedveskedik \u2013 ak\u00e1r a [&hellip;]<\/p>","protected":false},"author":2,"featured_media":0,"parent":0,"menu_order":0,"comment_status":"closed","ping_status":"closed","template":"","meta":{"_seopress_robots_primary_cat":"","_seopress_titles_title":"","_seopress_titles_desc":"","_seopress_robots_index":"","_et_pb_use_builder":"on","_et_pb_old_content":"<!-- wp:divi\/placeholder \/-->","_et_gb_content_width":"","footnotes":""},"class_list":["post-92","page","type-page","status-publish","hentry"],"_links":{"self":[{"href":"https:\/\/villakamilla.hu\/de\/wp-json\/wp\/v2\/pages\/92","targetHints":{"allow":["GET"]}}],"collection":[{"href":"https:\/\/villakamilla.hu\/de\/wp-json\/wp\/v2\/pages"}],"about":[{"href":"https:\/\/villakamilla.hu\/de\/wp-json\/wp\/v2\/types\/page"}],"author":[{"embeddable":true,"href":"https:\/\/villakamilla.hu\/de\/wp-json\/wp\/v2\/users\/2"}],"replies":[{"embeddable":true,"href":"https:\/\/villakamilla.hu\/de\/wp-json\/wp\/v2\/comments?post=92"}],"version-history":[{"count":22,"href":"https:\/\/villakamilla.hu\/de\/wp-json\/wp\/v2\/pages\/92\/revisions"}],"predecessor-version":[{"id":452,"href":"https:\/\/villakamilla.hu\/de\/wp-json\/wp\/v2\/pages\/92\/revisions\/452"}],"wp:attachment":[{"href":"https:\/\/villakamilla.hu\/de\/wp-json\/wp\/v2\/media?parent=92"}],"curies":[{"name":"wp","href":"https:\/\/api.w.org\/{rel}","templated":true}]}}